{"id":19,"date":"2026-01-02T06:50:48","date_gmt":"2026-01-02T06:50:48","guid":{"rendered":"https:\/\/argacorp.com\/?page_id=19"},"modified":"2026-01-02T06:59:51","modified_gmt":"2026-01-02T06:59:51","slug":"division-telecom","status":"publish","type":"page","link":"https:\/\/argacorp.com\/?page_id=19","title":{"rendered":"Divisi\u00f3n Telecom"},"content":{"rendered":"\n<figure class=\"wp-block-image size-full\"><img loading=\"lazy\" decoding=\"async\" width=\"1280\" height=\"768\" src=\"https:\/\/argacorp.com\/wp-content\/uploads\/2026\/01\/telecom.png\" alt=\"\" class=\"wp-image-23\" srcset=\"https:\/\/argacorp.com\/wp-content\/uploads\/2026\/01\/telecom.png 1280w, https:\/\/argacorp.com\/wp-content\/uploads\/2026\/01\/telecom-300x180.png 300w, https:\/\/argacorp.com\/wp-content\/uploads\/2026\/01\/telecom-1024x614.png 1024w, https:\/\/argacorp.com\/wp-content\/uploads\/2026\/01\/telecom-768x461.png 768w, https:\/\/argacorp.com\/wp-content\/uploads\/2026\/01\/telecom-380x228.png 380w\" sizes=\"auto, (max-width: 1280px) 100vw, 1280px\" \/><\/figure>\n\n\n\n<p>Orientada a soluciones de telecomunicaciones y colaboraci\u00f3n a nivel de hardware y software, con modalidades de venta directa y venta indirecta como distribuidor mayorista a trav\u00e9s canales.<\/p>\n\n\n\n<p>Impulsamos el desarrollo de canales con generaci\u00f3n de proyectos, compartiendo el Know-how y la experiencia de los clientes.<\/p>\n\n\n\n<p>Ofrecemos apoyo constante para el desarrollo del canal, logrando el aumento de la satisfacci\u00f3n del cliente por la entrega de proyectos completos integrados.<\/p>\n","protected":false},"excerpt":{"rendered":"<p>Orientada a soluciones de telecomunicaciones y colaboraci\u00f3n a nivel de hardware y software, con modalidades de venta directa y venta indirecta como distribuidor mayorista a trav\u00e9s canales. Impulsamos el desarrollo de canales con generaci\u00f3n de proyectos, compartiendo el Know-how y la experiencia de los clientes. Ofrecemos apoyo constante para el desarrollo del canal, logrando el [&hellip;]<\/p>\n","protected":false},"author":1,"featured_media":0,"parent":0,"menu_order":0,"comment_status":"closed","ping_status":"closed","template":"","meta":{"footnotes":""},"class_list":["post-19","page","type-page","status-publish","hentry"],"_links":{"self":[{"href":"https:\/\/argacorp.com\/index.php?rest_route=\/wp\/v2\/pages\/19","targetHints":{"allow":["GET"]}}],"collection":[{"href":"https:\/\/argacorp.com\/index.php?rest_route=\/wp\/v2\/pages"}],"about":[{"href":"https:\/\/argacorp.com\/index.php?rest_route=\/wp\/v2\/types\/page"}],"author":[{"embeddable":true,"href":"https:\/\/argacorp.com\/index.php?rest_route=\/wp\/v2\/users\/1"}],"replies":[{"embeddable":true,"href":"https:\/\/argacorp.com\/index.php?rest_route=%2Fwp%2Fv2%2Fcomments&post=19"}],"version-history":[{"count":2,"href":"https:\/\/argacorp.com\/index.php?rest_route=\/wp\/v2\/pages\/19\/revisions"}],"predecessor-version":[{"id":24,"href":"https:\/\/argacorp.com\/index.php?rest_route=\/wp\/v2\/pages\/19\/revisions\/24"}],"wp:attachment":[{"href":"https:\/\/argacorp.com\/index.php?rest_route=%2Fwp%2Fv2%2Fmedia&parent=19"}],"curies":[{"name":"wp","href":"https:\/\/api.w.org\/{rel}","templated":true}]}}