{"id":2,"date":"2026-01-02T01:21:14","date_gmt":"2026-01-02T01:21:14","guid":{"rendered":"https:\/\/argacorp.com\/?page_id=2"},"modified":"2026-01-02T06:42:05","modified_gmt":"2026-01-02T06:42:05","slug":"sample-page","status":"publish","type":"page","link":"https:\/\/argacorp.com\/","title":{"rendered":"La Empresa"},"content":{"rendered":"\n<p>\u00bfQui\u00e9nes somos?<\/p>\n\n\n\n<p>Somos una empresa peruana con m\u00e1s de 20 a\u00f1os en el mercado, brindando soluciones que facilitan la operaci\u00f3n de las empresas. Trabajamos en estrecha colaboraci\u00f3n con los fabricantes, lo que nos permite estar siempre actualizados con la tecnolog\u00eda.<\/p>\n\n\n\n<p>Agregamos valor al negocio de cada cliente, lo que nos brinda la experiencia como empresa de tecnolog\u00eda en soluciones B2B y B2C. Brindamos a las empresas servicios de valor agregado para garantizar la mejora de la eficiencia empresarial, aumentando la satisfacci\u00f3n del cliente.<\/p>\n\n\n\n<p>Nuestra Visi\u00f3n<br>Brindar al mercado la tecnolog\u00eda m\u00e1s avanzada en software y telecomunicaciones para facilitar las actividades de las personas.<\/p>\n","protected":false},"excerpt":{"rendered":"<p>\u00bfQui\u00e9nes somos? Somos una empresa peruana con m\u00e1s de 20 a\u00f1os en el mercado, brindando soluciones que facilitan la operaci\u00f3n de las empresas. Trabajamos en estrecha colaboraci\u00f3n con los fabricantes, lo que nos permite estar siempre actualizados con la tecnolog\u00eda. Agregamos valor al negocio de cada cliente, lo que nos brinda la experiencia como empresa [&hellip;]<\/p>\n","protected":false},"author":1,"featured_media":0,"parent":0,"menu_order":0,"comment_status":"closed","ping_status":"open","template":"","meta":{"footnotes":""},"class_list":["post-2","page","type-page","status-publish","hentry"],"_links":{"self":[{"href":"https:\/\/argacorp.com\/index.php?rest_route=\/wp\/v2\/pages\/2","targetHints":{"allow":["GET"]}}],"collection":[{"href":"https:\/\/argacorp.com\/index.php?rest_route=\/wp\/v2\/pages"}],"about":[{"href":"https:\/\/argacorp.com\/index.php?rest_route=\/wp\/v2\/types\/page"}],"author":[{"embeddable":true,"href":"https:\/\/argacorp.com\/index.php?rest_route=\/wp\/v2\/users\/1"}],"replies":[{"embeddable":true,"href":"https:\/\/argacorp.com\/index.php?rest_route=%2Fwp%2Fv2%2Fcomments&post=2"}],"version-history":[{"count":4,"href":"https:\/\/argacorp.com\/index.php?rest_route=\/wp\/v2\/pages\/2\/revisions"}],"predecessor-version":[{"id":17,"href":"https:\/\/argacorp.com\/index.php?rest_route=\/wp\/v2\/pages\/2\/revisions\/17"}],"wp:attachment":[{"href":"https:\/\/argacorp.com\/index.php?rest_route=%2Fwp%2Fv2%2Fmedia&parent=2"}],"curies":[{"name":"wp","href":"https:\/\/api.w.org\/{rel}","templated":true}]}}