{"id":100,"date":"2026-04-20T15:45:20","date_gmt":"2026-04-20T15:45:20","guid":{"rendered":"https:\/\/argacorp.com\/?post_type=product&#038;p=100"},"modified":"2026-04-23T00:27:05","modified_gmt":"2026-04-23T00:27:05","slug":"usb-extensor-sobre-utp","status":"publish","type":"product","link":"https:\/\/argacorp.com\/?product=usb-extensor-sobre-utp","title":{"rendered":"USB Extensor sobre UTP"},"content":{"rendered":"<h1 id=\"title\" class=\"a-size-large a-spacing-none\"><span id=\"productTitle\" class=\"a-size-large product-title-word-break\">Kit extensor de concentrador USB 2.0 &#8211; 4 puertos, 50 metros, Cat6, Plug &amp; Play<\/span><\/h1>\n<ul class=\"a-unordered-list a-vertical a-spacing-mini\">\n<li class=\"a-spacing-mini\"><span class=\"a-list-item\">Extensor USB 2.0 de 50 metros: extensor USB sobre un solo cable Cat5e\/Cat6\/Cat7 hasta 50 mts. Provee 4 puertos USB2.0. Transmisi\u00f3n de alta velocidad USB2.0 (hasta 480Mbps). Solo se necesita un adaptador de corriente (Incluido).<\/span><\/li>\n<li class=\"a-spacing-mini\"><span class=\"a-list-item\">Alta compatibilidad: USB a trav\u00e9s de Ethernet es compatible con todos los sistemas operativos: Windows, Mac OS, Unix, Android, Linux, etc.; Alta compatibilidad con dispositivos perif\u00e9ricos USB 1.1 y USB 2.0. Soporte teclados, rat\u00f3n, c\u00e1mara web, micr\u00f3fono USB, impresora, esc\u00e1ner, etc.<\/span><\/li>\n<li class=\"a-spacing-mini\"><span class=\"a-list-item\">\u3010Funci\u00f3n POC\u3011Compatible con fuente de alimentaci\u00f3n unilateral POC (DC 5V). Solo un adaptador de corriente puede soportar todo el funcionamiento del kit, reduciendo muchas operaciones complicadas. Es m\u00e1s simple y conveniente.<\/span><\/li>\n<li class=\"a-spacing-mini\"><span class=\"a-list-item\">\u3010F\u00e1cil instalaci\u00f3n\u3011Plug and play, no se necesita controlador, la carcasa de metal es resistente, el fuselaje est\u00e1 equipado con puertos de disipaci\u00f3n de calor, lo que reduce eficazmente el da\u00f1o causado por el calor a la m\u00e1quina y prolonga la vida \u00fatil.<\/span><\/li>\n<li class=\"a-spacing-mini\"><span class=\"a-list-item\">Aplicaci\u00f3n multi escena: es adecuado para una variedad de escenarios, transmisi\u00f3n estable. Tales como: monitoreo de seguridad, juego, conferencias multimedia, producci\u00f3n de video, club, etc.<\/span><\/li>\n<\/ul>\n","protected":false},"excerpt":{"rendered":"<p>Kit Extensor de Se\u00f1al USB 2.0 sobre UTP hasta 50 metros.<\/p>\n","protected":false},"featured_media":101,"comment_status":"open","ping_status":"closed","template":"","meta":{"_eb_attr":""},"product_brand":[],"product_cat":[16],"product_tag":[17],"class_list":{"0":"post-100","1":"product","2":"type-product","3":"status-publish","4":"has-post-thumbnail","6":"product_cat-uncategorized","7":"product_tag-extensor-usb","9":"first","10":"instock","11":"sale","12":"shipping-taxable","13":"product-type-simple"},"_links":{"self":[{"href":"https:\/\/argacorp.com\/index.php?rest_route=\/wp\/v2\/product\/100","targetHints":{"allow":["GET"]}}],"collection":[{"href":"https:\/\/argacorp.com\/index.php?rest_route=\/wp\/v2\/product"}],"about":[{"href":"https:\/\/argacorp.com\/index.php?rest_route=\/wp\/v2\/types\/product"}],"replies":[{"embeddable":true,"href":"https:\/\/argacorp.com\/index.php?rest_route=%2Fwp%2Fv2%2Fcomments&post=100"}],"wp:featuredmedia":[{"embeddable":true,"href":"https:\/\/argacorp.com\/index.php?rest_route=\/wp\/v2\/media\/101"}],"wp:attachment":[{"href":"https:\/\/argacorp.com\/index.php?rest_route=%2Fwp%2Fv2%2Fmedia&parent=100"}],"wp:term":[{"taxonomy":"product_brand","embeddable":true,"href":"https:\/\/argacorp.com\/index.php?rest_route=%2Fwp%2Fv2%2Fproduct_brand&post=100"},{"taxonomy":"product_cat","embeddable":true,"href":"https:\/\/argacorp.com\/index.php?rest_route=%2Fwp%2Fv2%2Fproduct_cat&post=100"},{"taxonomy":"product_tag","embeddable":true,"href":"https:\/\/argacorp.com\/index.php?rest_route=%2Fwp%2Fv2%2Fproduct_tag&post=100"}],"curies":[{"name":"wp","href":"https:\/\/api.w.org\/{rel}","templated":true}]}}