{"id":86,"date":"2026-04-18T04:30:41","date_gmt":"2026-04-18T04:30:41","guid":{"rendered":"https:\/\/argacorp.com\/?post_type=product&#038;p=86"},"modified":"2026-04-23T00:33:03","modified_gmt":"2026-04-23T00:33:03","slug":"86","status":"publish","type":"product","link":"https:\/\/argacorp.com\/?product=86","title":{"rendered":"Minrray C\u00e1mara MG201-SG-3"},"content":{"rendered":"<p><strong>C\u00e1mara web AI Ultra HD 4K\u00a0<\/strong><\/p>\n<p>C\u00e1mara EPTZ 4K Auto Framing MG201-SG-3 con un nuevo dise\u00f1o. Tiene funciones perfectas y un rendimiento superior, que emplea algoritmos de procesamiento ISP avanzados para brindar im\u00e1genes v\u00edvidas con un brillo uniformemente claro, capas de colores fuertes, alta resoluci\u00f3n y una reproducci\u00f3n crom\u00e1tica fant\u00e1stica. F\u00e1cil y conveniente de instalar y mantener, estable y confiable.<\/p>\n<p><strong>Caracter\u00edsticas clave<\/strong><\/p>\n<ol>\n<li><strong> Resoluci\u00f3n Ultra HD 4K:<\/strong><\/li>\n<\/ol>\n<p>Sensor CMOS de alta calidad de 1\/2,8 pulgadas. La resoluci\u00f3n es de hasta 4K con velocidad de fotogramas de hasta 30 fps (MJPG) o 30 fps (H.264); compatible con 1080P y 720P.<\/p>\n<ol start=\"2\">\n<li><strong> ePTZ: <\/strong><\/li>\n<\/ol>\n<p>ePTZ y zoom digital 10X.<\/p>\n<ol start=\"3\">\n<li><strong> MICR\u00d3FONO incorporado: <\/strong><\/li>\n<\/ol>\n<p>Dos pastillas MIC omnidireccionales incorporadas; con algoritmo \u00fanico de supresi\u00f3n de ruido.<\/p>\n<ol start=\"4\">\n<li><strong> Encuadre autom\u00e1tico:<\/strong><\/li>\n<\/ol>\n<p>Empleando un algoritmo superior de detecci\u00f3n de rostros para encuadrar de manera inteligente y autom\u00e1tica de acuerdo con la cantidad de personas en la escena, y los personajes est\u00e1n en el medio.<\/p>\n<ol start=\"5\">\n<li><strong> Campo de visi\u00f3n amplio:<\/strong><\/li>\n<\/ol>\n<p>Opciones de lentes de gran angular y peque\u00f1a distorsi\u00f3n de 120\u00b0.<\/p>\n<ol start=\"6\">\n<li><strong> Bajo nivel de ruido y alta SNR: <\/strong><\/li>\n<\/ol>\n<p>La imagen SNR s\u00faper alta se logra con CMOS de bajo ruido. Incluso en el caso de iluminaci\u00f3n ultra baja, la imagen permanece limpia y clara.<\/p>\n<ol start=\"7\">\n<li><strong> M\u00faltiples Instalaciones:<\/strong><\/li>\n<\/ol>\n<p>Equipado de serie con abrazadera de molde. F\u00e1cil de instalar en cualquier dispositivo, como pantalla LCD, computadora port\u00e1til, mesa, techo y tr\u00edpode.<\/p>\n<ol start=\"8\">\n<li><strong> F\u00e1cil de usar:<\/strong><\/li>\n<\/ol>\n<p>No es necesario descargar el controlador; USB 3.0 Conectar y usar.<\/p>\n","protected":false},"excerpt":{"rendered":"<p>C\u00e1mara web AI Ultra HD 4K\u00a0 C\u00e1mara EPTZ 4K Auto Framing MG201-SG-3 con un nuevo dise\u00f1o. Tiene funciones perfectas y un rendimiento superior, que emplea algoritmos de procesamiento ISP avanzados para brindar im\u00e1genes v\u00edvidas con un brillo uniformemente claro, capas de colores fuertes, alta resoluci\u00f3n y una reproducci\u00f3n crom\u00e1tica fant\u00e1stica. F\u00e1cil y conveniente de instalar [&hellip;]<\/p>\n","protected":false},"featured_media":51,"comment_status":"open","ping_status":"closed","template":"","meta":{"_eb_attr":""},"product_brand":[],"product_cat":[16],"product_tag":[],"class_list":{"0":"post-86","1":"product","2":"type-product","3":"status-publish","4":"has-post-thumbnail","6":"product_cat-uncategorized","8":"first","9":"instock","10":"sale","11":"shipping-taxable","12":"product-type-simple"},"_links":{"self":[{"href":"https:\/\/argacorp.com\/index.php?rest_route=\/wp\/v2\/product\/86","targetHints":{"allow":["GET"]}}],"collection":[{"href":"https:\/\/argacorp.com\/index.php?rest_route=\/wp\/v2\/product"}],"about":[{"href":"https:\/\/argacorp.com\/index.php?rest_route=\/wp\/v2\/types\/product"}],"replies":[{"embeddable":true,"href":"https:\/\/argacorp.com\/index.php?rest_route=%2Fwp%2Fv2%2Fcomments&post=86"}],"wp:featuredmedia":[{"embeddable":true,"href":"https:\/\/argacorp.com\/index.php?rest_route=\/wp\/v2\/media\/51"}],"wp:attachment":[{"href":"https:\/\/argacorp.com\/index.php?rest_route=%2Fwp%2Fv2%2Fmedia&parent=86"}],"wp:term":[{"taxonomy":"product_brand","embeddable":true,"href":"https:\/\/argacorp.com\/index.php?rest_route=%2Fwp%2Fv2%2Fproduct_brand&post=86"},{"taxonomy":"product_cat","embeddable":true,"href":"https:\/\/argacorp.com\/index.php?rest_route=%2Fwp%2Fv2%2Fproduct_cat&post=86"},{"taxonomy":"product_tag","embeddable":true,"href":"https:\/\/argacorp.com\/index.php?rest_route=%2Fwp%2Fv2%2Fproduct_tag&post=86"}],"curies":[{"name":"wp","href":"https:\/\/api.w.org\/{rel}","templated":true}]}}